{"id":3157,"date":"2023-03-20T22:59:12","date_gmt":"2023-03-20T22:59:12","guid":{"rendered":"https:\/\/casablancatransfers.com\/conditions-generales-de-vente\/"},"modified":"2024-06-22T13:54:17","modified_gmt":"2024-06-22T13:54:17","slug":"conditions-generales-de-vente","status":"publish","type":"page","link":"https:\/\/www.casablancatransfers.com\/fr\/conditions-generales-de-vente\/","title":{"rendered":"Conditions g\u00e9n\u00e9rales de vente"},"content":{"rendered":"\t\t<div data-elementor-type=\"wp-page\" data-elementor-id=\"3157\" class=\"elementor elementor-3157\">\n\t\t\t\t\t\t<section class=\"elementor-section elementor-top-section elementor-element elementor-element-1591777 elementor-section-boxed elementor-section-height-default elementor-section-height-default\" data-id=\"1591777\" data-element_type=\"section\" data-e-type=\"section\">\n\t\t\t\t\t\t<div class=\"elementor-container elementor-column-gap-default\">\n\t\t\t\t\t<div class=\"elementor-column elementor-col-100 elementor-top-column elementor-element elementor-element-3ca5431\" data-id=\"3ca5431\" data-element_type=\"column\" data-e-type=\"column\">\n\t\t\t<div class=\"elementor-widget-wrap elementor-element-populated\">\n\t\t\t\t\t\t<div class=\"elementor-element elementor-element-8455288 elementor-widget elementor-widget-heading\" data-id=\"8455288\" data-element_type=\"widget\" data-e-type=\"widget\" data-widget_type=\"heading.default\">\n\t\t\t\t<div class=\"elementor-widget-container\">\n\t\t\t\t\t<h1 class=\"elementor-heading-title elementor-size-default\">Conditions g\u00e9n\u00e9rales de vente<\/h1>\t\t\t\t<\/div>\n\t\t\t\t<\/div>\n\t\t\t\t<div class=\"elementor-element elementor-element-3c06668 elementor-widget elementor-widget-text-editor\" data-id=\"3c06668\" data-element_type=\"widget\" data-e-type=\"widget\" data-widget_type=\"text-editor.default\">\n\t\t\t\t<div class=\"elementor-widget-container\">\n\t\t\t\t\t\t\t\t\t<p><strong>Preuve des transactions pay\u00e9es par carte de cr\u00e9dit<\/strong><br \/>Les donn\u00e9es enregistr\u00e9es par le CMI sur la plate-forme de paiement multicanal pour le compte de Casablanca Transfers constituent la preuve de l&rsquo;ensemble des transactions commerciales pass\u00e9es entre vous et Casablanca Transfers.<br \/>Entreprise.<br \/><strong>Mode de paiement<\/strong><br \/>Pour r\u00e9gler votre commande, vous choisissez l&rsquo;option de paiement parmi celles propos\u00e9es par Casablanca Transfers<br \/>sur sa page de paiement.<br \/>Dans ce cas, l&rsquo;op\u00e9ration est d\u00e9bit\u00e9e de votre compte dans la journ\u00e9e qui suit l&rsquo;envoi de l&rsquo;avis d&rsquo;appel d&rsquo;offres.<br \/>date de la confirmation de livraison.<br \/>Vos paiements en ligne sont enti\u00e8rement s\u00e9curis\u00e9s par le Centre Mon\u00e9tique Interbancaire (CMI).<br \/>qui offre un service de paiement enti\u00e8rement s\u00e9curis\u00e9.<br \/>Le Consommateur garantit \u00e0 la Soci\u00e9t\u00e9 Casablanca Transfers qu&rsquo;il dispose des moyens n\u00e9cessaires<br \/>l&rsquo;autorisation d&rsquo;utiliser le mode de paiement choisi par lui, lors de la validation du bon de commande.<br \/>En cas de paiement par carte bancaire, les dispositions relatives \u00e0 l&rsquo;utilisation frauduleuse des moyens de paiement sont applicables.<br \/>le paiement pr\u00e9vu dans les accords conclus entre le consommateur et l&rsquo;\u00e9metteur de la carte<br \/>et entre la soci\u00e9t\u00e9 Casablanca Transfers et ses \u00e9tablissements bancaires s&rsquo;appliquent.<br \/>Pr\u00e9ambule<br \/>Les conditions g\u00e9n\u00e9rales de vente suivantes r\u00e9gissent toutes les transactions \u00e9tablies sur le catalogue web de<br \/>Transferts Casablanca. Il est \u00e0 noter que toute commande pass\u00e9e sur ce site suppose l&rsquo;acceptation par le client de l&rsquo;ensemble de ses droits et obligations.<br \/>l&rsquo;acceptation inconditionnelle et irr\u00e9vocable des conditions ci-dessous.<br \/><strong>Objet<\/strong><br \/>Ce contrat est un contrat \u00e0 distance qui vise \u00e0 d\u00e9finir les droits et obligations des parties.<br \/>dans le cadre de la vente des services de Casablanca Transfers Company sur Internet,<br \/>par le biais de la plateforme s\u00e9curis\u00e9e de paiement en ligne du Centre Mon\u00e9taire Interbancaire.<br \/>Les conditions suivantes s&rsquo;appliquent \u00e0 tous les passagers utilisant nos services :<br \/>1. Le client accepte les conditions g\u00e9n\u00e9rales de vente m\u00eame s&rsquo;il effectue sa r\u00e9servation par<br \/>t\u00e9l\u00e9phone.<br \/>2. Nous nous r\u00e9servons le droit de faire appel \u00e0 un autre service dans notre gamme de prestations (voirie publique, etc.).<br \/>transport de personnes ou voiture de transport avec chauffeurs) ou de faire appel \u00e0 un sous-traitant, afin de<br \/>transporter nos clients jusqu&rsquo;\u00e0 leur destination, en prenant soin au pr\u00e9alable de les avertir de l&rsquo;existence d&rsquo;un danger.<br \/>et les informer de tout changement que cela implique au niveau r\u00e9glementaire. Les<br \/>L&rsquo;estimation de la course de taxi sera donc d\u00e9finitive et fix\u00e9e sur la base du mod\u00e8le l\u00e9gal, m\u00eame s&rsquo;il s&rsquo;agit d&rsquo;une course de taxi.<br \/>dans nos gammes de services.<\/p>\n<p>3. Une r\u00e9servation doit \u00eatre annul\u00e9e par t\u00e9l\u00e9phone ou par courriel. L&rsquo;annulation doit nous parvenir au<br \/>au plus tard 24 heures avant la date du transfert. Pass\u00e9 ce d\u00e9lai, nous pourrons \u00eatre amen\u00e9s \u00e0 facturer le<br \/>le client pour le co\u00fbt estim\u00e9 de son transfert tel que calcul\u00e9 sur ce site web et \/ ou<br \/>indiqu\u00e9s dans les documents de r\u00e9servation. En cas de non-pr\u00e9sentation, le prix de la<br \/>Le voyage estim\u00e9 sera factur\u00e9.<br \/>4. Tous les bagages du client sont accept\u00e9s, y compris les sacs de ski ou de snowboard, les sacs de golf,<br \/>\u00e0 condition qu&rsquo;il y ait suffisamment d&rsquo;espace \u00e0 bord et qu&rsquo;ils n&rsquo;endommagent pas le v\u00e9hicule \u00e0 l&rsquo;int\u00e9rieur.<br \/>de quelque mani\u00e8re que ce soit, qu&rsquo;il s&rsquo;agisse de salissures ou de dommages permanents.<\/p>\n<p>5. Nous ferons tout notre possible pour que nos v\u00e9hicules arrivent \u00e0 l&rsquo;heure aux rendez-vous fix\u00e9s.<br \/>et d\u00e9poser les clients \u00e0 temps \u00e0 leur destination. Toutefois, nous refuserons toute<br \/>En cas de retard d\u00fb \u00e0 des faits ext\u00e9rieurs ind\u00e9pendants de leur volont\u00e9 ou de leur contr\u00f4le, ils n&rsquo;assument aucune responsabilit\u00e9.<br \/>En effet, des faits ind\u00e9pendants de notre volont\u00e9 nous emp\u00eachent parfois d&rsquo;accomplir notre mission.<br \/>Vous trouverez ci-dessous une liste de certains d&rsquo;entre eux : Les accidents de la route qui provoquent des ralentissements. Accidents de la route bloquant tout<br \/>le trafic. Conditions m\u00e9t\u00e9orologiques exceptionnelles. Contr\u00f4le de la police. Vandalisme et terrorisme.<br \/>Embouteillages inattendus. Gr\u00e8ves ou manifestations bloquant la route. Probl\u00e8mes caus\u00e9s par<br \/>les autres passagers. Non-respect de l&rsquo;heure de prise en charge par les clients. Tout fait susceptible d&rsquo;affecter<br \/>la s\u00e9curit\u00e9 et l&rsquo;int\u00e9grit\u00e9 des autres passagers enfin, si ce retard est de notre fait et que vous manquez l&#8217;embarquement.<br \/>en rapport avec vos autres moyens de transport, nous nous engageons \u00e0 vous d\u00e9dommager en vous offrant<br \/>vous une prestation d&rsquo;un montant \u00e9quivalent \u00e0 la course effectu\u00e9e.<\/p>\n<p>6. Les transporteurs et les taxis assurant les transferts sont tous titulaires d&rsquo;une autorisation de stationnement de taxis, inscrite \u00e0 la<br \/>dans l&rsquo;annuaire des transports de passagers et\/ou dans le registre des entreprises de transport avec chauffeurs.<br \/>Les v\u00e9hicules mis en place pour effectuer ces transferts sont enti\u00e8rement assur\u00e9s pour le transport de passagers,<br \/>comme l&rsquo;exige la loi marocaine.<br \/>7. Contrairement \u00e0 beaucoup de nos concurrents, les bagages de nos clients sont assur\u00e9s jusqu&rsquo;\u00e0 une certaine limite. Bien que<br \/>nous prenons le plus grand soin de vos effets personnels, nous pr\u00e9f\u00e9rons ajouter cette garantie afin d&rsquo;assurer la s\u00e9curit\u00e9 de vos biens.<br \/>pour vous rassurer dans vos d\u00e9placements.<\/p>\n<p>8. Nous ne pouvons \u00eatre tenus responsables que des faits pr\u00e9visibles et raisonnables d\u00e9coulant directement d&rsquo;une<br \/>la rupture du contrat.<br \/>9. Les pr\u00e9sentes conditions g\u00e9n\u00e9rales sont r\u00e9gies par le droit marocain.<\/p>\n<p>10. En cas de litige, le tribunal comp\u00e9tent est le tribunal de commerce de Rabat.<\/p>\n\t\t\t\t\t\t\t\t<\/div>\n\t\t\t\t<\/div>\n\t\t\t\t\t<\/div>\n\t\t<\/div>\n\t\t\t\t\t<\/div>\n\t\t<\/section>\n\t\t\t\t<\/div>\n\t\t","protected":false},"excerpt":{"rendered":"<p>Conditions g\u00e9n\u00e9rales de vente Preuve des transactions pay\u00e9es par carte de cr\u00e9ditLes donn\u00e9es enregistr\u00e9es par le CMI sur la plate-forme de paiement multicanal pour le compte de Casablanca Transfers constituent la preuve de l&rsquo;ensemble des transactions commerciales pass\u00e9es entre vous et Casablanca Transfers.Entreprise.Mode de paiementPour r\u00e9gler votre commande, vous choisissez l&rsquo;option de paiement parmi celles [&hellip;]<\/p>\n","protected":false},"author":1,"featured_media":0,"parent":0,"menu_order":0,"comment_status":"closed","ping_status":"closed","template":"","meta":{"site-sidebar-layout":"no-sidebar","site-content-layout":"page-builder","ast-site-content-layout":"default","site-content-style":"default","site-sidebar-style":"default","ast-global-header-display":"","ast-banner-title-visibility":"","ast-main-header-display":"","ast-hfb-above-header-display":"","ast-hfb-below-header-display":"","ast-hfb-mobile-header-display":"","site-post-title":"disabled","ast-breadcrumbs-content":"","ast-featured-img":"disabled","footer-sml-layout":"","ast-disable-related-posts":"","theme-transparent-header-meta":"","adv-header-id-meta":"","stick-header-meta":"","header-above-stick-meta":"","header-main-stick-meta":"","header-below-stick-meta":"","astra-migrate-meta-layouts":"default","ast-page-background-enabled":"default","ast-page-background-meta":{"desktop":{"background-color":"","background-image":"","background-repeat":"repeat","background-position":"center center","background-size":"auto","background-attachment":"scroll","background-type":"","background-media":"","overlay-type":"","overlay-color":"","overlay-opacity":"","overlay-gradient":""},"tablet":{"background-color":"","background-image":"","background-repeat":"repeat","background-position":"center center","background-size":"auto","background-attachment":"scroll","background-type":"","background-media":"","overlay-type":"","overlay-color":"","overlay-opacity":"","overlay-gradient":""},"mobile":{"background-color":"","background-image":"","background-repeat":"repeat","background-position":"center center","background-size":"auto","background-attachment":"scroll","background-type":"","background-media":"","overlay-type":"","overlay-color":"","overlay-opacity":"","overlay-gradient":""}},"ast-content-background-meta":{"desktop":{"background-color":"var(--ast-global-color-5)","background-image":"","background-repeat":"repeat","background-position":"center center","background-size":"auto","background-attachment":"scroll","background-type":"","background-media":"","overlay-type":"","overlay-color":"","overlay-opacity":"","overlay-gradient":""},"tablet":{"background-color":"var(--ast-global-color-5)","background-image":"","background-repeat":"repeat","background-position":"center center","background-size":"auto","background-attachment":"scroll","background-type":"","background-media":"","overlay-type":"","overlay-color":"","overlay-opacity":"","overlay-gradient":""},"mobile":{"background-color":"var(--ast-global-color-5)","background-image":"","background-repeat":"repeat","background-position":"center center","background-size":"auto","background-attachment":"scroll","background-type":"","background-media":"","overlay-type":"","overlay-color":"","overlay-opacity":"","overlay-gradient":""}},"footnotes":""},"class_list":["post-3157","page","type-page","status-publish","hentry"],"yoast_head":"<!-- This site is optimized with the Yoast SEO plugin v27.4 - https:\/\/yoast.com\/product\/yoast-seo-wordpress\/ -->\n<title>Conditions g\u00e9n\u00e9rales de vente - Casablanca Transfers<\/title>\n<meta name=\"robots\" content=\"noindex, nofollow\" \/>\n<meta property=\"og:locale\" content=\"fr_FR\" \/>\n<meta property=\"og:type\" content=\"article\" \/>\n<meta property=\"og:title\" content=\"Conditions g\u00e9n\u00e9rales de vente - Casablanca Transfers\" \/>\n<meta property=\"og:description\" content=\"Conditions g\u00e9n\u00e9rales de vente Preuve des transactions pay\u00e9es par carte de cr\u00e9ditLes donn\u00e9es enregistr\u00e9es par le CMI sur la plate-forme de paiement multicanal pour le compte de Casablanca Transfers constituent la preuve de l&rsquo;ensemble des transactions commerciales pass\u00e9es entre vous et Casablanca Transfers.Entreprise.Mode de paiementPour r\u00e9gler votre commande, vous choisissez l&rsquo;option de paiement parmi celles [&hellip;]\" \/>\n<meta property=\"og:url\" content=\"https:\/\/www.casablancatransfers.com\/fr\/conditions-generales-de-vente\/\" \/>\n<meta property=\"og:site_name\" content=\"Casablanca Transfers\" \/>\n<meta property=\"article:modified_time\" content=\"2024-06-22T13:54:17+00:00\" \/>\n<meta name=\"twitter:card\" content=\"summary_large_image\" \/>\n<meta name=\"twitter:label1\" content=\"Dur\u00e9e de lecture estim\u00e9e\" \/>\n\t<meta name=\"twitter:data1\" content=\"5 minutes\" \/>\n<script type=\"application\/ld+json\" class=\"yoast-schema-graph\">{\"@context\":\"https:\\\/\\\/schema.org\",\"@graph\":[{\"@type\":\"WebPage\",\"@id\":\"https:\\\/\\\/www.casablancatransfers.com\\\/fr\\\/conditions-generales-de-vente\\\/\",\"url\":\"https:\\\/\\\/www.casablancatransfers.com\\\/fr\\\/conditions-generales-de-vente\\\/\",\"name\":\"Conditions g\u00e9n\u00e9rales de vente - Casablanca Transfers\",\"isPartOf\":{\"@id\":\"https:\\\/\\\/www.casablancatransfers.com\\\/#website\"},\"datePublished\":\"2023-03-20T22:59:12+00:00\",\"dateModified\":\"2024-06-22T13:54:17+00:00\",\"breadcrumb\":{\"@id\":\"https:\\\/\\\/www.casablancatransfers.com\\\/fr\\\/conditions-generales-de-vente\\\/#breadcrumb\"},\"inLanguage\":\"fr-FR\",\"potentialAction\":[{\"@type\":\"ReadAction\",\"target\":[\"https:\\\/\\\/www.casablancatransfers.com\\\/fr\\\/conditions-generales-de-vente\\\/\"]}]},{\"@type\":\"BreadcrumbList\",\"@id\":\"https:\\\/\\\/www.casablancatransfers.com\\\/fr\\\/conditions-generales-de-vente\\\/#breadcrumb\",\"itemListElement\":[{\"@type\":\"ListItem\",\"position\":1,\"name\":\"Home\",\"item\":\"https:\\\/\\\/www.casablancatransfers.com\\\/fr\\\/\"},{\"@type\":\"ListItem\",\"position\":2,\"name\":\"Conditions g\u00e9n\u00e9rales de vente\"}]},{\"@type\":\"WebSite\",\"@id\":\"https:\\\/\\\/www.casablancatransfers.com\\\/#website\",\"url\":\"https:\\\/\\\/www.casablancatransfers.com\\\/\",\"name\":\"Casablanca Airport Transfers and Taxi\",\"description\":\"\",\"publisher\":{\"@id\":\"https:\\\/\\\/www.casablancatransfers.com\\\/#organization\"},\"potentialAction\":[{\"@type\":\"SearchAction\",\"target\":{\"@type\":\"EntryPoint\",\"urlTemplate\":\"https:\\\/\\\/www.casablancatransfers.com\\\/?s={search_term_string}\"},\"query-input\":{\"@type\":\"PropertyValueSpecification\",\"valueRequired\":true,\"valueName\":\"search_term_string\"}}],\"inLanguage\":\"fr-FR\"},{\"@type\":\"Organization\",\"@id\":\"https:\\\/\\\/www.casablancatransfers.com\\\/#organization\",\"name\":\"Casablanca Airport Transfers and Taxi\",\"url\":\"https:\\\/\\\/www.casablancatransfers.com\\\/\",\"logo\":{\"@type\":\"ImageObject\",\"inLanguage\":\"fr-FR\",\"@id\":\"https:\\\/\\\/www.casablancatransfers.com\\\/#\\\/schema\\\/logo\\\/image\\\/\",\"url\":\"https:\\\/\\\/www.casablancatransfers.com\\\/wp-content\\\/uploads\\\/2023\\\/02\\\/Casablanca-Transfers-Logo-White.png\",\"contentUrl\":\"https:\\\/\\\/www.casablancatransfers.com\\\/wp-content\\\/uploads\\\/2023\\\/02\\\/Casablanca-Transfers-Logo-White.png\",\"width\":960,\"height\":400,\"caption\":\"Casablanca Airport Transfers and Taxi\"},\"image\":{\"@id\":\"https:\\\/\\\/www.casablancatransfers.com\\\/#\\\/schema\\\/logo\\\/image\\\/\"}}]}<\/script>\n<!-- \/ Yoast SEO plugin. -->","yoast_head_json":{"title":"Conditions g\u00e9n\u00e9rales de vente - Casablanca Transfers","robots":{"index":"noindex","follow":"nofollow"},"og_locale":"fr_FR","og_type":"article","og_title":"Conditions g\u00e9n\u00e9rales de vente - Casablanca Transfers","og_description":"Conditions g\u00e9n\u00e9rales de vente Preuve des transactions pay\u00e9es par carte de cr\u00e9ditLes donn\u00e9es enregistr\u00e9es par le CMI sur la plate-forme de paiement multicanal pour le compte de Casablanca Transfers constituent la preuve de l&rsquo;ensemble des transactions commerciales pass\u00e9es entre vous et Casablanca Transfers.Entreprise.Mode de paiementPour r\u00e9gler votre commande, vous choisissez l&rsquo;option de paiement parmi celles [&hellip;]","og_url":"https:\/\/www.casablancatransfers.com\/fr\/conditions-generales-de-vente\/","og_site_name":"Casablanca Transfers","article_modified_time":"2024-06-22T13:54:17+00:00","twitter_card":"summary_large_image","twitter_misc":{"Dur\u00e9e de lecture estim\u00e9e":"5 minutes"},"schema":{"@context":"https:\/\/schema.org","@graph":[{"@type":"WebPage","@id":"https:\/\/www.casablancatransfers.com\/fr\/conditions-generales-de-vente\/","url":"https:\/\/www.casablancatransfers.com\/fr\/conditions-generales-de-vente\/","name":"Conditions g\u00e9n\u00e9rales de vente - Casablanca Transfers","isPartOf":{"@id":"https:\/\/www.casablancatransfers.com\/#website"},"datePublished":"2023-03-20T22:59:12+00:00","dateModified":"2024-06-22T13:54:17+00:00","breadcrumb":{"@id":"https:\/\/www.casablancatransfers.com\/fr\/conditions-generales-de-vente\/#breadcrumb"},"inLanguage":"fr-FR","potentialAction":[{"@type":"ReadAction","target":["https:\/\/www.casablancatransfers.com\/fr\/conditions-generales-de-vente\/"]}]},{"@type":"BreadcrumbList","@id":"https:\/\/www.casablancatransfers.com\/fr\/conditions-generales-de-vente\/#breadcrumb","itemListElement":[{"@type":"ListItem","position":1,"name":"Home","item":"https:\/\/www.casablancatransfers.com\/fr\/"},{"@type":"ListItem","position":2,"name":"Conditions g\u00e9n\u00e9rales de vente"}]},{"@type":"WebSite","@id":"https:\/\/www.casablancatransfers.com\/#website","url":"https:\/\/www.casablancatransfers.com\/","name":"Casablanca Airport Transfers and Taxi","description":"","publisher":{"@id":"https:\/\/www.casablancatransfers.com\/#organization"},"potentialAction":[{"@type":"SearchAction","target":{"@type":"EntryPoint","urlTemplate":"https:\/\/www.casablancatransfers.com\/?s={search_term_string}"},"query-input":{"@type":"PropertyValueSpecification","valueRequired":true,"valueName":"search_term_string"}}],"inLanguage":"fr-FR"},{"@type":"Organization","@id":"https:\/\/www.casablancatransfers.com\/#organization","name":"Casablanca Airport Transfers and Taxi","url":"https:\/\/www.casablancatransfers.com\/","logo":{"@type":"ImageObject","inLanguage":"fr-FR","@id":"https:\/\/www.casablancatransfers.com\/#\/schema\/logo\/image\/","url":"https:\/\/www.casablancatransfers.com\/wp-content\/uploads\/2023\/02\/Casablanca-Transfers-Logo-White.png","contentUrl":"https:\/\/www.casablancatransfers.com\/wp-content\/uploads\/2023\/02\/Casablanca-Transfers-Logo-White.png","width":960,"height":400,"caption":"Casablanca Airport Transfers and Taxi"},"image":{"@id":"https:\/\/www.casablancatransfers.com\/#\/schema\/logo\/image\/"}}]}},"_links":{"self":[{"href":"https:\/\/www.casablancatransfers.com\/fr\/wp-json\/wp\/v2\/pages\/3157","targetHints":{"allow":["GET"]}}],"collection":[{"href":"https:\/\/www.casablancatransfers.com\/fr\/wp-json\/wp\/v2\/pages"}],"about":[{"href":"https:\/\/www.casablancatransfers.com\/fr\/wp-json\/wp\/v2\/types\/page"}],"author":[{"embeddable":true,"href":"https:\/\/www.casablancatransfers.com\/fr\/wp-json\/wp\/v2\/users\/1"}],"replies":[{"embeddable":true,"href":"https:\/\/www.casablancatransfers.com\/fr\/wp-json\/wp\/v2\/comments?post=3157"}],"version-history":[{"count":2,"href":"https:\/\/www.casablancatransfers.com\/fr\/wp-json\/wp\/v2\/pages\/3157\/revisions"}],"predecessor-version":[{"id":3160,"href":"https:\/\/www.casablancatransfers.com\/fr\/wp-json\/wp\/v2\/pages\/3157\/revisions\/3160"}],"wp:attachment":[{"href":"https:\/\/www.casablancatransfers.com\/fr\/wp-json\/wp\/v2\/media?parent=3157"}],"curies":[{"name":"wp","href":"https:\/\/api.w.org\/{rel}","templated":true}]}}